{"id":118,"date":"2013-04-15T11:30:27","date_gmt":"2013-04-15T09:30:27","guid":{"rendered":"http:\/\/www.laundryequipments.it\/lavamac\/?page_id=118"},"modified":"2019-11-08T17:38:57","modified_gmt":"2019-11-08T16:38:57","slug":"azienda","status":"publish","type":"page","link":"https:\/\/www.laundryequipments.it\/lavamac\/azienda\/","title":{"rendered":"Azienda"},"content":{"rendered":"<p>La nostra societ\u00e0 distribuisce sul territorio nazionale la gamma completa di macchinari per lavanderia prodotti dalla <span style=\"color: #d4000e;\"><strong>LAVAMAC<\/strong><\/span> (Belgio).<\/p>\n<p>La societ\u00e0 LAVAMAC \u00e8 presente sul mercato dal 1911, sia per il settore domestico che professionale.<\/p>\n<p>Dal 1970 si \u00e8 specializzato solo in macchinari per la lavanderia professionale e industriale.<br \/>\nL\u2019affidabilit\u00e0 del prodotto finale, i materiali utilizzati e il sovradimensionamento dei particolari sono le caratteristiche principali di queste macchine.<br \/>\nLa presenza capillare dei rivenditori e dei centri d\u2019assistenza ci permette di assecondare tutti i settori dove la lavanderia \u00e8 un\u2019esigenza prioritaria.<\/p>\n<p>Nel 2012 \u00a0abbiamo lanciato la linea innovativa\u00a0<a title=\"Lavatrici supercentrifuganti \u2013 SERIE AF\" href=\"https:\/\/www.laundryequipments.it\/lavamac\/prodotti\/lavatrici\/lavatrici-supercentrifuganti\/lavatrici-supercentrifuganti-serie-af\/\"><strong>AF<\/strong><\/a> e\u00a0<a title=\"Lavatrice fissa alta centrifuga \u2013 SERIE AR\" href=\"https:\/\/www.laundryequipments.it\/lavamac\/prodotti\/lavatrici\/lavatrici-da-fissare-a-pavimento-con-centrifuga\/lavatrice-alta-centrifuga-serie-ar\/\"><strong>AR<\/strong><\/a>, gamma \u00a0completa \u00a0di \u00a0lavatrici con \u00a0caratteristiche \u00a0esclusive \u00a0come \u00a0il cesto &#8220;Cascade Drum&#8221;, l&#8217;innovazione continua ci permette di essere sempre presenti sul mercato con novit\u00e0 \u00a0per migliorare l&#8217;offerta al cliente.<\/p>\n<p>La societ\u00e0 <strong><span style=\"color: #0090d3;\"><span style=\"color: #d4000e;\">Laundry Equipments \u2013 Maglione SRL<\/span> <\/span><\/strong>ha diverse divisioni che gli permettono di affrontare diversi settori che in lavanderia sono molto specifici come ad esempio:<\/p>\n<div>\n<div align=\"justify\">\n<ul>\n<li><strong><a title=\"Laundry Self\" href=\"http:\/\/www.laundryself.it\/\" target=\"_blank\" rel=\"noopener noreferrer\">Laundry Self<\/a><\/strong><\/li>\n<li><strong><a title=\"Laundry Rent\" href=\"http:\/\/www.laundryrent.it\/\" target=\"_blank\" rel=\"noopener noreferrer\">Laundry Rent<\/a><\/strong><\/li>\n<li><strong><a title=\"Laundry Accademy\" href=\"http:\/\/www.laundryaccademy.it\/\">Laundry Academy<\/a><\/strong><\/li>\n<\/ul>\n<p>Scarica\u00a0<strong><a title=\"Catalogo generale Lavamac\" href=\"https:\/\/www.laundryequipments.it\/lavamac\/wp-content\/uploads\/LAVAMAC.pdf\" target=\"_blank\" rel=\"noopener noreferrer\">qui<\/a><\/strong>\u00a0il nostro catalogo generale<\/p>\n<p>laundry equipment,\u00a0 macchinari per lavanderia, attrezzature.<\/p>\n<\/div>\n<\/div>\n<!-- AddThis Advanced Settings generic via filter on the_content -->","protected":false},"excerpt":{"rendered":"<p>La nostra societ\u00e0 distribuisce sul territorio nazionale la gamma completa di macchinari per lavanderia prodotti dalla LAVAMAC (Belgio). La societ\u00e0 LAVAMAC \u00e8 presente sul mercato dal 1911, sia per il settore domestico che professionale. Dal 1970 si \u00e8 specializzato solo in macchinari per la lavanderia professionale e industriale. L\u2019affidabilit\u00e0 del prodotto finale, i materiali utilizzati &#8230;<a class=\"post-readmore\" href=\"https:\/\/www.laundryequipments.it\/lavamac\/azienda\/\">read more<\/a><!-- AddThis Advanced Settings generic via filter on wp_trim_excerpt --><\/p>\n","protected":false},"author":1,"featured_media":0,"parent":0,"menu_order":1,"comment_status":"closed","ping_status":"open","template":"","meta":[],"_links":{"self":[{"href":"https:\/\/www.laundryequipments.it\/lavamac\/wp-json\/wp\/v2\/pages\/118"}],"collection":[{"href":"https:\/\/www.laundryequipments.it\/lavamac\/wp-json\/wp\/v2\/pages"}],"about":[{"href":"https:\/\/www.laundryequipments.it\/lavamac\/wp-json\/wp\/v2\/types\/page"}],"author":[{"embeddable":true,"href":"https:\/\/www.laundryequipments.it\/lavamac\/wp-json\/wp\/v2\/users\/1"}],"replies":[{"embeddable":true,"href":"https:\/\/www.laundryequipments.it\/lavamac\/wp-json\/wp\/v2\/comments?post=118"}],"version-history":[{"count":44,"href":"https:\/\/www.laundryequipments.it\/lavamac\/wp-json\/wp\/v2\/pages\/118\/revisions"}],"predecessor-version":[{"id":2383,"href":"https:\/\/www.laundryequipments.it\/lavamac\/wp-json\/wp\/v2\/pages\/118\/revisions\/2383"}],"wp:attachment":[{"href":"https:\/\/www.laundryequipments.it\/lavamac\/wp-json\/wp\/v2\/media?parent=118"}],"curies":[{"name":"wp","href":"https:\/\/api.w.org\/{rel}","templated":true}]}}