{"id":150,"date":"2013-05-21T17:47:48","date_gmt":"2013-05-21T15:47:48","guid":{"rendered":"http:\/\/www.laundryequipments.it\/lavamac\/?page_id=150"},"modified":"2021-04-22T11:05:45","modified_gmt":"2021-04-22T09:05:45","slug":"home","status":"publish","type":"page","link":"https:\/\/www.laundryequipments.it\/lavamac\/","title":{"rendered":"Home"},"content":{"rendered":"<p><span style=\"color: #000000;\"><strong><strong><span style=\"color: #d4000e;\">Lavamac<\/span>,<\/strong><\/strong>\u00a0gamma completa di Macchinari per <strong>Lavanderia<\/strong><\/span>, per <strong>Alberghi<\/strong> e <strong>Comunit\u00e0<\/strong>, per <strong>Lavanderie professionali<\/strong> e <strong>Self-Service<\/strong>.<\/p>\n<p>In un mercato sempre pi\u00f9 globale il nostro scopo \u00e8 selezionare le migliori aziende produttrici di macchinari per lavanderia per darvi la possibilit\u00e0 di avere un unico interlocutore in grado di risolvere i vostri problemi.<br \/>\nInfatti, il nostro impegno, oltre alla scelta dei fornitori, \u00e8 sempre maggiormente orientato al soddisfacimento post-vendita mediante assistenza, consulenza e formazione che ci permette di crescere con i nostri clienti arricchendo la nostra professionalit\u00e0:<br \/>\nunica garanzia che il futuro sia ricco di soddisfazioni.<\/p>\n<ul>\n<li>Assistenza tecnica<\/li>\n<li>Centro ricambi multimarca<\/li>\n<li>Contratti assistenza programmata<\/li>\n<li>Consulenza gestionale<\/li>\n<li>Progettazione per lavanderia complete<\/li>\n<li>Pagamenti personalizzabili<\/li>\n<li>Costi in uso<\/li>\n<\/ul>\n<p>Ecco le nostre soluzioni per i diversi settori di impiego:<\/p>\n<p><strong><a title=\"Laundry Rent\" href=\"http:\/\/www.laundryrent.it\/\" target=\"_blank\" rel=\"noopener noreferrer\">Laundry Rent<\/a><\/strong> (noleggio macchinari per lavanderia)<br \/>\n<a title=\"Laundry Self\" href=\"http:\/\/www.laundryself.it\" target=\"_blank\" rel=\"noopener noreferrer\"><strong>Laundry Self<\/strong>\u00a0<\/a>(macchine per lavanderie self-service)<br \/>\n<strong><a title=\"Laundry Park\" href=\"http:\/\/www.laundrypark.it\/\" target=\"_blank\" rel=\"noopener noreferrer\">Laundry Park<\/a><\/strong> (lavanderie mobili)<br \/>\n<strong><a title=\"Laundry Accademy\" href=\"http:\/\/www.laundryacademy.it\/\" target=\"_blank\" rel=\"noopener noreferrer\">Laundry Accademy<\/a><\/strong>\u00a0(formazione tecnico-commerciale)<br \/>\n<strong><a title=\"Post\" href=\"http:\/\/www.postec.it\" target=\"_blank\" rel=\"noopener noreferrer\">Post<\/a><\/strong>\u00a0(ricambi e assistenza macchinari per lavanderia)<br \/>\n<strong><a title=\"Sistema integrato CHRIOX X-TRACT\" href=\"https:\/\/www.laundryequipments.it\/lavamac\/prodotti\/sistema-integrato-chriox-x-tract\/\">Chriox<\/a><\/strong> (sistema integrato)<\/p>\n<p>Scarica <strong><a title=\"Catalogo generale Lavamac\" href=\"https:\/\/www.laundryequipments.it\/lavamac\/wp-content\/uploads\/LAVAMAC.pdf\" target=\"_blank\" rel=\"noopener noreferrer\">qui<\/a><\/strong> il nostro catalogo generale<\/p>\n<p>lavatrici Lavamac, laundry, essiccatoi, asciugatrici, stiratrici<\/p>\n<!-- AddThis Advanced Settings generic via filter on the_content -->","protected":false},"excerpt":{"rendered":"<p>Lavamac,\u00a0gamma completa di Macchinari per Lavanderia, per Alberghi e Comunit\u00e0, per Lavanderie professionali e Self-Service. In un mercato sempre pi\u00f9 globale il nostro scopo \u00e8 selezionare le migliori aziende produttrici di macchinari per lavanderia per darvi la possibilit\u00e0 di avere un unico interlocutore in grado di risolvere i vostri problemi. Infatti, il nostro impegno, oltre &#8230;<a class=\"post-readmore\" href=\"https:\/\/www.laundryequipments.it\/lavamac\/\">read more<\/a><!-- AddThis Advanced Settings generic via filter on wp_trim_excerpt --><\/p>\n","protected":false},"author":1,"featured_media":0,"parent":0,"menu_order":0,"comment_status":"closed","ping_status":"open","template":"","meta":[],"_links":{"self":[{"href":"https:\/\/www.laundryequipments.it\/lavamac\/wp-json\/wp\/v2\/pages\/150"}],"collection":[{"href":"https:\/\/www.laundryequipments.it\/lavamac\/wp-json\/wp\/v2\/pages"}],"about":[{"href":"https:\/\/www.laundryequipments.it\/lavamac\/wp-json\/wp\/v2\/types\/page"}],"author":[{"embeddable":true,"href":"https:\/\/www.laundryequipments.it\/lavamac\/wp-json\/wp\/v2\/users\/1"}],"replies":[{"embeddable":true,"href":"https:\/\/www.laundryequipments.it\/lavamac\/wp-json\/wp\/v2\/comments?post=150"}],"version-history":[{"count":44,"href":"https:\/\/www.laundryequipments.it\/lavamac\/wp-json\/wp\/v2\/pages\/150\/revisions"}],"predecessor-version":[{"id":2386,"href":"https:\/\/www.laundryequipments.it\/lavamac\/wp-json\/wp\/v2\/pages\/150\/revisions\/2386"}],"wp:attachment":[{"href":"https:\/\/www.laundryequipments.it\/lavamac\/wp-json\/wp\/v2\/media?parent=150"}],"curies":[{"name":"wp","href":"https:\/\/api.w.org\/{rel}","templated":true}]}}