{"id":207,"date":"2013-05-22T12:14:45","date_gmt":"2013-05-22T10:14:45","guid":{"rendered":"http:\/\/www.laundryequipments.it\/lavamac\/?page_id=207"},"modified":"2013-12-12T11:38:18","modified_gmt":"2013-12-12T10:38:18","slug":"sistema-integrato-chriox-x-tract","status":"publish","type":"page","link":"https:\/\/www.laundryequipments.it\/lavamac\/prodotti\/sistema-integrato-chriox-x-tract\/","title":{"rendered":"Sistema integrato CHRIOX X-TRACT"},"content":{"rendered":"<h2>Innovazione<\/h2>\n<p>L&#8217;innovazione di processo del sistema<span style=\"color: #3366ff;\"><strong> <a title=\"Brochure Sistema CHRIOX\" href=\"http:\/\/www.laundryequipments.it\/Prodotti\/CHRIOX\/CHRIOX.pdf\" target=\"_blank\">CHRIOX X-TRACT<\/a><\/strong><\/span>\u00a0ci permette di lavare a basse temperature, disinfettare la biancheria, recuperare il 40% di acqua, senza abbassare il rapporto bagno, e risparmiare il 20% di energia, rispettando l&#8217;ambiente in quanto gli \u00a0scarichi a perdere sono disinfettati e sena tensioattivi.<br \/>\nIl tutto garantendo qualit\u00e0 di lavaggi e l&#8217;assoluto rispetto delle normative pi\u00f9 restrittive in materia di igiene e contaminazione in lavanderia <strong>(RABC).<\/strong><\/p>\n<p><img decoding=\"async\" loading=\"lazy\" class=\"alignnone\" alt=\"chriox\" src=\"https:\/\/www.laundryequipments.it\/lavamac\/wp-content\/uploads\/chriox.png\" width=\"510\" height=\"369\" \/><\/p>\n<h2>Campi di utilizzo<\/h2>\n<p>Il sistema <strong><a title=\"Brochure Sistema CHRIOX\" href=\"http:\/\/www.laundryequipments.it\/Prodotti\/CHRIOX\/CHRIOX.pdf\" target=\"_blank\">CHRIOX X-TRACT<\/a><\/strong>\u00a0\u00e8 assolutamente flessibile e grazie alle sue caratteristiche principali quali ottimi risultati di lavaggio, risparmio di acqua e di energia e certezza della disinfezione \u00e8 indicato per trattamenti presso le case di riposo, cliniche, comunit\u00e0, ospedali ed imprese di pulizia. Il sistema con un apposita programmazione mantiene i suoi vantaggi anche nel trattamento dei MOP, preimpregnati e disnfettati, rendendoli adatti per ambienti sterili, laboratori o altro rischio di cross contamination.<\/p>\n<h2>Massima versatilit\u00e0<\/h2>\n<p>Il sistema <strong><a title=\"Brochure Sistema CHRIOX\" href=\"http:\/\/www.laundryequipments.it\/Prodotti\/CHRIOX\/CHRIOX.pdf\" target=\"_blank\">CHRIOX X-TRACT<\/a><\/strong>\u00a0si pu\u00f2 avere con diverse tipologie di macchine, tutte ad alta centrifugazione ma con diverse capacit\u00e0 di carico, inoltre per i clienti che richiedono anche ambienti asettici si pu\u00f2 avere il sistema <strong><a title=\"Brochure Sistema CHRIOX\" href=\"http:\/\/www.laundryequipments.it\/Prodotti\/CHRIOX\/CHRIOX.pdf\" target=\"_blank\">CHRIOX X-TRACT<\/a><\/strong>\u00a0anche con la versione delle lavatrici asettiche a cavallo di parete dove oltre ad avere la certezza della disinfezione della biancheria, si pu\u00f2 avere la separazione tra ambiente sporco e pulito con percorso obbligato come richiesto dalla normativa europea<strong> (RABC).<\/strong><\/p>\n<h2><strong><\/strong>Certificazione<\/h2>\n<p>Il sistema <strong><a title=\"Brochure Sistema CHRIOX\" href=\"http:\/\/www.laundryequipments.it\/Prodotti\/CHRIOX\/CHRIOX.pdf\" target=\"_blank\">CHRIOX X-TRACT<\/a><\/strong>\u00a0assicura una azione sanitizzante, candeggiante e neutralizzante, il procedimento \u00e8 stato validato con certificazione<strong> CNV 12.10 LAB. ACC. SINAL N. 0711.<br \/>\n<\/strong>La garanzia del risultato del sistema <strong><a title=\"Brochure Sistema CHRIOX\" href=\"http:\/\/www.laundryequipments.it\/Prodotti\/CHRIOX\/CHRIOX.pdf\" target=\"_blank\">CHRIOX X-TRACT<\/a><\/strong>\u00a0avviene se vengono rispettati i procedimenti di lavaggio e dosaggio dei prodotti indicati. Infatti la combinazione prodotti chimici e sistema macchina ci permette di raggiungere il risultato prefissato di assoluta disinfezione della biancheria.<\/p>\n<p>&nbsp;<\/p>\n<p>Carica batterica zero, casa di riposo, clinica, enti, ospedali, lavanderia asettica o asettiche.<\/p>\n<p>&nbsp;<\/p>\n<!-- AddThis Advanced Settings generic via filter on the_content -->","protected":false},"excerpt":{"rendered":"<p>Innovazione L&#8217;innovazione di processo del sistema CHRIOX X-TRACT\u00a0ci permette di lavare a basse temperature, disinfettare la biancheria, recuperare il 40% di acqua, senza abbassare il rapporto bagno, e risparmiare il 20% di energia, rispettando l&#8217;ambiente in quanto gli \u00a0scarichi a perdere sono disinfettati e sena tensioattivi. Il tutto garantendo qualit\u00e0 di lavaggi e l&#8217;assoluto rispetto &#8230;<a class=\"post-readmore\" href=\"https:\/\/www.laundryequipments.it\/lavamac\/prodotti\/sistema-integrato-chriox-x-tract\/\">read more<\/a><!-- AddThis Advanced Settings generic via filter on wp_trim_excerpt --><\/p>\n","protected":false},"author":1,"featured_media":0,"parent":4,"menu_order":5,"comment_status":"closed","ping_status":"open","template":"","meta":[],"_links":{"self":[{"href":"https:\/\/www.laundryequipments.it\/lavamac\/wp-json\/wp\/v2\/pages\/207"}],"collection":[{"href":"https:\/\/www.laundryequipments.it\/lavamac\/wp-json\/wp\/v2\/pages"}],"about":[{"href":"https:\/\/www.laundryequipments.it\/lavamac\/wp-json\/wp\/v2\/types\/page"}],"author":[{"embeddable":true,"href":"https:\/\/www.laundryequipments.it\/lavamac\/wp-json\/wp\/v2\/users\/1"}],"replies":[{"embeddable":true,"href":"https:\/\/www.laundryequipments.it\/lavamac\/wp-json\/wp\/v2\/comments?post=207"}],"version-history":[{"count":25,"href":"https:\/\/www.laundryequipments.it\/lavamac\/wp-json\/wp\/v2\/pages\/207\/revisions"}],"predecessor-version":[{"id":2289,"href":"https:\/\/www.laundryequipments.it\/lavamac\/wp-json\/wp\/v2\/pages\/207\/revisions\/2289"}],"up":[{"embeddable":true,"href":"https:\/\/www.laundryequipments.it\/lavamac\/wp-json\/wp\/v2\/pages\/4"}],"wp:attachment":[{"href":"https:\/\/www.laundryequipments.it\/lavamac\/wp-json\/wp\/v2\/media?parent=207"}],"curies":[{"name":"wp","href":"https:\/\/api.w.org\/{rel}","templated":true}]}}