{"id":2371,"date":"2015-11-14T12:00:02","date_gmt":"2015-11-14T11:00:02","guid":{"rendered":"http:\/\/www.laundryequipments.it\/lavamac\/?page_id=2371"},"modified":"2015-11-14T12:01:16","modified_gmt":"2015-11-14T11:01:16","slug":"n-h-system","status":"publish","type":"page","link":"https:\/\/www.laundryequipments.it\/lavamac\/n-h-system\/","title":{"rendered":"N.H. System"},"content":{"rendered":"<p><img decoding=\"async\" loading=\"lazy\" class=\" size-medium wp-image-2220 aligncenter\" src=\"http:\/\/www.laundryequipments.it\/primus\/wp-content\/uploads\/NH_System-300x189.jpg\" alt=\"NH_System\" width=\"300\" height=\"189\" \/><\/p>\n<p>N.H. System \u00e8 un sistema innovativo per la gestione degli indumenti e del guardaroba nelle case di riposo.<br \/>\nEsso si compone di quattro passaggi fondamentali:<\/p>\n<h3><span style=\"color: #d4000e;\">Identificazione dei capi<\/span><\/h3>\n<p>\u00c8 la fase di start-up del sistema <strong>N.H. System<\/strong> che permette l\u2019inserimento di <strong>tutti<\/strong> i capi nel software creando una vera e propria <strong>banca dati degli indumenti<\/strong> della casa di riposo.<\/p>\n<p>Con il sistema N.H. System si identificano e si inseriscono tutti i capi dell\u2019ospite della casa di riposo, l\u2019identificazione pu\u00f2 avvenire o con il sistema base con etichetta a codici a barre, o con sistema <strong>Rfid<\/strong>.<\/p>\n<p>L\u2019archivio del sistema N.H. System <strong>memorizza<\/strong> tutti i dati inerenti al singolo capo (caratteristiche, colore, particolarit\u00e0) creando anche lo storico dei lavaggi, dei movimenti e tutta la storicit\u00e0 dello stesso.<\/p>\n<h3><span style=\"color: #d4000e;\">Raccolta o cernita\u00a0dei capi<\/span><\/h3>\n<p>La prima fase di lavorazione nella lavanderia delle case di riposo \u00e8 la cernita dei capi sporchi, che pu\u00f2 essere effettuata per singolo capo, con lettura singola o per quantit\u00e0 (sacchi o ceste) tramite <strong>antenna di lettura Rfid<\/strong>.<\/p>\n<h3><span style=\"color: #d4000e;\">Ricomposizione dei capi<\/span><\/h3>\n<p>Dopo la fase di lavaggio\/asciugatura e stiratura con il sistema N.H. System vengono letti i capi tramite lettore o antenna Rfid. In questo modo N.H. System permette all&#8217;operatore di <strong>classificare<\/strong> tutti gli indumenti e poterli <strong>dividere<\/strong> per ospite, per carrello, per armadio o in qualsiasi altro modo la casa di riposo voglia gestirli.<\/p>\n<h3><span style=\"color: #d4000e;\">Riconsegna dei capi<\/span><\/h3>\n<p>La riconsegna dei capi \u00e8 quella fase finale dove gli operatori e l\u2019ospite apprezzano la <strong>perfezione<\/strong> del servizio N.H. System.<br \/>\nInfatti il sistema N.H. System, come gi\u00e0 descritto, <strong>archivia<\/strong> tutti i passaggi dell\u2019indumento e rilascia in fase finale <strong>ricevute di scarico magazzino<\/strong> per lotti, per ospite, per reparto a seconda delle necessit\u00e0 organizzative.<\/p>\n<h3><\/h3>\n<p>&nbsp;<\/p>\n<!-- AddThis Advanced Settings generic via filter on the_content -->","protected":false},"excerpt":{"rendered":"<p>N.H. System \u00e8 un sistema innovativo per la gestione degli indumenti e del guardaroba nelle case di riposo. Esso si compone di quattro passaggi fondamentali: Identificazione dei capi \u00c8 la fase di start-up del sistema N.H. System che permette l\u2019inserimento di tutti i capi nel software creando una vera e propria banca dati degli indumenti &#8230;<a class=\"post-readmore\" href=\"https:\/\/www.laundryequipments.it\/lavamac\/n-h-system\/\">read more<\/a><!-- AddThis Advanced Settings generic via filter on wp_trim_excerpt --><\/p>\n","protected":false},"author":1,"featured_media":0,"parent":0,"menu_order":0,"comment_status":"closed","ping_status":"closed","template":"","meta":[],"_links":{"self":[{"href":"https:\/\/www.laundryequipments.it\/lavamac\/wp-json\/wp\/v2\/pages\/2371"}],"collection":[{"href":"https:\/\/www.laundryequipments.it\/lavamac\/wp-json\/wp\/v2\/pages"}],"about":[{"href":"https:\/\/www.laundryequipments.it\/lavamac\/wp-json\/wp\/v2\/types\/page"}],"author":[{"embeddable":true,"href":"https:\/\/www.laundryequipments.it\/lavamac\/wp-json\/wp\/v2\/users\/1"}],"replies":[{"embeddable":true,"href":"https:\/\/www.laundryequipments.it\/lavamac\/wp-json\/wp\/v2\/comments?post=2371"}],"version-history":[{"count":2,"href":"https:\/\/www.laundryequipments.it\/lavamac\/wp-json\/wp\/v2\/pages\/2371\/revisions"}],"predecessor-version":[{"id":2373,"href":"https:\/\/www.laundryequipments.it\/lavamac\/wp-json\/wp\/v2\/pages\/2371\/revisions\/2373"}],"wp:attachment":[{"href":"https:\/\/www.laundryequipments.it\/lavamac\/wp-json\/wp\/v2\/media?parent=2371"}],"curies":[{"name":"wp","href":"https:\/\/api.w.org\/{rel}","templated":true}]}}