{"id":569,"date":"2013-07-24T18:36:09","date_gmt":"2013-07-24T16:36:09","guid":{"rendered":"http:\/\/www.laundryequipments.it\/lavamac\/?page_id=569"},"modified":"2013-12-12T11:50:08","modified_gmt":"2013-12-12T10:50:08","slug":"industria-2","status":"publish","type":"page","link":"https:\/\/www.laundryequipments.it\/lavamac\/settori-di-impiego\/industria-2\/","title":{"rendered":"Industria in genere"},"content":{"rendered":"<h2 style=\"text-align: left;\"><span style=\"color: #000000;\">Il lavaggio interno degli abiti di lavoro<\/span><\/h2>\n<p>Il lavaggio interno di abiti da lavoro o materiale che si necessit\u00e0 in ambiti produttivi, \u00e8 sempre pi\u00f9 una esigenza, in quanto la garanzia di lavaggio e asciugatura se il procedimento \u00e8 interno \u00e8 sicuramente pi\u00f9 sicuro comodo ed economico.<\/p>\n<p><img decoding=\"async\" loading=\"lazy\" class=\"alignnone  wp-image-2059\" alt=\"industrie\" src=\"https:\/\/www.laundryequipments.it\/lavamac\/wp-content\/uploads\/Immagine1.jpg\" width=\"236\" height=\"150\" \/><\/p>\n<p>La gestione \u00e8 molto semplice con impianti molto flessibili, \u00a0in alcuni casi ci sono esigenze anche di materiale tecnico o di lavorazione che debba essere lavato, non cambiando lavatrici ma ottimizzando i programmi e cicli di lavaggio si possono effettuare lavorazioni che, fatte all&#8217;esterno, risultano molto costose.<\/p>\n<p>Una lavanderia progettata per un esercizio a lungo termine \u00e8 sicuramente un ottimo investimento, inoltre vi permette la gestione completa degli indumenti con controllo costante e senza imprevisti.<\/p>\n<p>&nbsp;<\/p>\n<p>macchinari per il lavaggio degli indumenti da\u00a0 lavoro, lavatrici dedicate per trattamenti speciali,<\/p>\n<!-- AddThis Advanced Settings generic via filter on the_content -->","protected":false},"excerpt":{"rendered":"<p>Il lavaggio interno degli abiti di lavoro Il lavaggio interno di abiti da lavoro o materiale che si necessit\u00e0 in ambiti produttivi, \u00e8 sempre pi\u00f9 una esigenza, in quanto la garanzia di lavaggio e asciugatura se il procedimento \u00e8 interno \u00e8 sicuramente pi\u00f9 sicuro comodo ed economico. La gestione \u00e8 molto semplice con impianti molto &#8230;<a class=\"post-readmore\" href=\"https:\/\/www.laundryequipments.it\/lavamac\/settori-di-impiego\/industria-2\/\">read more<\/a><!-- AddThis Advanced Settings generic via filter on wp_trim_excerpt --><\/p>\n","protected":false},"author":1,"featured_media":0,"parent":335,"menu_order":11,"comment_status":"closed","ping_status":"open","template":"","meta":[],"_links":{"self":[{"href":"https:\/\/www.laundryequipments.it\/lavamac\/wp-json\/wp\/v2\/pages\/569"}],"collection":[{"href":"https:\/\/www.laundryequipments.it\/lavamac\/wp-json\/wp\/v2\/pages"}],"about":[{"href":"https:\/\/www.laundryequipments.it\/lavamac\/wp-json\/wp\/v2\/types\/page"}],"author":[{"embeddable":true,"href":"https:\/\/www.laundryequipments.it\/lavamac\/wp-json\/wp\/v2\/users\/1"}],"replies":[{"embeddable":true,"href":"https:\/\/www.laundryequipments.it\/lavamac\/wp-json\/wp\/v2\/comments?post=569"}],"version-history":[{"count":17,"href":"https:\/\/www.laundryequipments.it\/lavamac\/wp-json\/wp\/v2\/pages\/569\/revisions"}],"predecessor-version":[{"id":2304,"href":"https:\/\/www.laundryequipments.it\/lavamac\/wp-json\/wp\/v2\/pages\/569\/revisions\/2304"}],"up":[{"embeddable":true,"href":"https:\/\/www.laundryequipments.it\/lavamac\/wp-json\/wp\/v2\/pages\/335"}],"wp:attachment":[{"href":"https:\/\/www.laundryequipments.it\/lavamac\/wp-json\/wp\/v2\/media?parent=569"}],"curies":[{"name":"wp","href":"https:\/\/api.w.org\/{rel}","templated":true}]}}