{"id":1484,"date":"2013-10-01T01:32:58","date_gmt":"2013-09-30T23:32:58","guid":{"rendered":"http:\/\/www.laundryequipments.it\/primus\/?page_id=1484"},"modified":"2013-12-12T11:03:41","modified_gmt":"2013-12-12T10:03:41","slug":"lavanderie-condominiali","status":"publish","type":"page","link":"https:\/\/www.laundryequipments.it\/primus\/settori-di-impiego\/lavanderie-condominiali\/","title":{"rendered":"Lavanderie Condominiali"},"content":{"rendered":"<h2 style=\"text-align: left;\"><span style=\"color: #000000;\">Lavanderia condominiale o centralizzata<\/span><\/h2>\n<p>Questo servizio gi\u00e0 presente nell&#8217;Europa del Nord e che man mano prende piede anche in Italia, consiste nell&#8217;avere una lavanderia centralizzata che ottimizza i costi di gestione e rende pi\u00f9 facile e comodo il lavaggio e l&#8217;asciugatura in ambito condominiale.<\/p>\n<p style=\"text-align: left;\">Gli innovativi sistemi di pagamento con card o tessera dedicata, possono \u00a0essere utilizzati in diversi modi e anche in concomitanza con altri servizi.<\/p>\n<p style=\"text-align: left;\">La possibilit\u00e0 di utilizzare macchine professionali che dimezzano il tempo di lavaggio rispetto ad una lavatrice domestica, grazie all&#8217;alimentazione dell&#8217;acqua calda di serie e ad accorgimenti tecnici, porta ad avere un&#8217;ottima gestione del tempo, un ottimo risultato di lavaggio ed un&#8217;ottimizzazione dei costi.<\/p>\n<p style=\"text-align: left;\">Le lavatrici da 6 kg (<strong><a title=\"Lavatrice SC 65\" href=\"https:\/\/www.laundryequipments.it\/primus\/prodotti\/lavatrici\/lavatrici-professionali\/lavatrice-industriale-sc-65\/\">SC 65<\/a><\/strong>) e 10 kg (<strong><a title=\"Lavatrice SP 105\" href=\"https:\/\/www.laundryequipments.it\/primus\/prodotti\/lavatrici\/lavatrici-professionali\/lavatrice-sp-105\/\">SP 105<\/a><\/strong>) con relativi essiccatoi sia elettrici (<strong><a title=\"Essiccatori rotativi  \u2013 SERIE  DAM 6 \u2013 9\" href=\"https:\/\/www.laundryequipments.it\/primus\/prodotti\/essiccatori\/essiccatori-rotativi-serie-dam-6-9\/\">DAM 6<\/a><\/strong>) che a gas (<strong><a title=\"Essiccatori rotativi  \u2013 SERIE  DAM 6 \u2013 9\" href=\"https:\/\/www.laundryequipments.it\/primus\/prodotti\/essiccatori\/essiccatori-rotativi-serie-dam-6-9\/\">DAM 9<\/a><\/strong>), danno la massima resa sia economica che in tempo e ottimizzano l&#8217;energia e le spese della stessa nell&#8217;ambito condominiale.<\/p>\n<p style=\"text-align: left;\">Il lavare e asciugare la biancheria senza pi\u00f9 stendere, con relativa perdita di tempo, \u00e8 diventata una realt\u00e0 con il sistema di lavanderia condominiali <strong><a title=\"Laundrypalace.it\" href=\"http:\/\/www.laundrypalace.it\/\" target=\"_blank\">Laundrypalace.it<\/a><\/strong><\/p>\n<p style=\"text-align: left;\">\n<p style=\"text-align: left;\">Lavanderia condominiali, centralizzate, housing, possibilit\u00e0 di self service,\u00a0pagamento con spese condominiali, risparmio di tempo ed energetico.<\/p>\n<!-- AddThis Advanced Settings generic via filter on the_content -->","protected":false},"excerpt":{"rendered":"<p>Lavanderia condominiale o centralizzata Questo servizio gi\u00e0 presente nell&#8217;Europa del Nord e che man mano prende piede anche in Italia, consiste nell&#8217;avere una lavanderia centralizzata che ottimizza i costi di gestione e rende pi\u00f9 facile e comodo il lavaggio e l&#8217;asciugatura in ambito condominiale. Gli innovativi sistemi di pagamento con card o tessera dedicata, possono &#8230;<a class=\"post-readmore\" href=\"https:\/\/www.laundryequipments.it\/primus\/settori-di-impiego\/lavanderie-condominiali\/\">read more<\/a><!-- AddThis Advanced Settings generic via filter on wp_trim_excerpt --><\/p>\n","protected":false},"author":1,"featured_media":0,"parent":335,"menu_order":9,"comment_status":"closed","ping_status":"open","template":"","meta":[],"_links":{"self":[{"href":"https:\/\/www.laundryequipments.it\/primus\/wp-json\/wp\/v2\/pages\/1484"}],"collection":[{"href":"https:\/\/www.laundryequipments.it\/primus\/wp-json\/wp\/v2\/pages"}],"about":[{"href":"https:\/\/www.laundryequipments.it\/primus\/wp-json\/wp\/v2\/types\/page"}],"author":[{"embeddable":true,"href":"https:\/\/www.laundryequipments.it\/primus\/wp-json\/wp\/v2\/users\/1"}],"replies":[{"embeddable":true,"href":"https:\/\/www.laundryequipments.it\/primus\/wp-json\/wp\/v2\/comments?post=1484"}],"version-history":[{"count":15,"href":"https:\/\/www.laundryequipments.it\/primus\/wp-json\/wp\/v2\/pages\/1484\/revisions"}],"predecessor-version":[{"id":2126,"href":"https:\/\/www.laundryequipments.it\/primus\/wp-json\/wp\/v2\/pages\/1484\/revisions\/2126"}],"up":[{"embeddable":true,"href":"https:\/\/www.laundryequipments.it\/primus\/wp-json\/wp\/v2\/pages\/335"}],"wp:attachment":[{"href":"https:\/\/www.laundryequipments.it\/primus\/wp-json\/wp\/v2\/media?parent=1484"}],"curies":[{"name":"wp","href":"https:\/\/api.w.org\/{rel}","templated":true}]}}