{"id":1603,"date":"2013-10-01T14:35:28","date_gmt":"2013-10-01T12:35:28","guid":{"rendered":"http:\/\/www.laundryequipments.it\/primus\/?page_id=1603"},"modified":"2013-10-01T14:56:30","modified_gmt":"2013-10-01T12:56:30","slug":"casse-automatiche","status":"publish","type":"page","link":"https:\/\/www.laundryequipments.it\/primus\/prodotti\/accessori\/casse-automatiche\/","title":{"rendered":"Cassa centralizzata"},"content":{"rendered":"<h3>CASSA CENTRALIZZATA<\/h3>\n<p>Creata per offrire un servizio di qualit\u00e0 superiore a tutte le lavanderie self-service.<\/p>\n<p>Con la cassa centralizzata si ha la possibilit\u00e0 di gestire pi\u00f9 macchine tra lavaggio e asciugatura. \u00a0Tutte le operazioni risultano semplici e intuitivi grazie ai pratici tasti di funzionamento.<\/p>\n<p>Possibilit\u00e0 di pagamento in contanti e con card e la possibilit\u00e0 di personalizzazione della grafica del dispositivo.<\/p>\n<p>Scarica <a title=\"Brochure Cassa Centralizzata\" href=\"http:\/\/www.laundryequipments.it\/Prodotti\/Accessori\/Casse\/centralizzata.pdf\" target=\"_blank\">qui<\/a> la nostra brochure per maggiori informazioni.<\/p>\n<p>&nbsp;<\/p>\n<h3>CAMBIAMONETE<\/h3>\n<p>Cambiamonete di dimensioni ridotte, offre un elevato livello di sicurezza.<\/p>\n<p>Scarica <a title=\"Brochure Cambiamonete\" href=\"http:\/\/www.laundryequipments.it\/Prodotti\/Accessori\/Casse\/cambiamonete.pdf\" target=\"_blank\">qui<\/a> la nostra brochure per maggiori informazioni.<\/p>\n<p>&nbsp;<\/p>\n<p>&nbsp;<\/p>\n<p>&nbsp;<\/p>\n<!-- AddThis Advanced Settings generic via filter on the_content -->","protected":false},"excerpt":{"rendered":"<p>CASSA CENTRALIZZATA Creata per offrire un servizio di qualit\u00e0 superiore a tutte le lavanderie self-service. Con la cassa centralizzata si ha la possibilit\u00e0 di gestire pi\u00f9 macchine tra lavaggio e asciugatura. \u00a0Tutte le operazioni risultano semplici e intuitivi grazie ai pratici tasti di funzionamento. Possibilit\u00e0 di pagamento in contanti e con card e la possibilit\u00e0 &#8230;<a class=\"post-readmore\" href=\"https:\/\/www.laundryequipments.it\/primus\/prodotti\/accessori\/casse-automatiche\/\">read more<\/a><!-- AddThis Advanced Settings generic via filter on wp_trim_excerpt --><\/p>\n","protected":false},"author":1,"featured_media":0,"parent":327,"menu_order":0,"comment_status":"closed","ping_status":"open","template":"","meta":[],"_links":{"self":[{"href":"https:\/\/www.laundryequipments.it\/primus\/wp-json\/wp\/v2\/pages\/1603"}],"collection":[{"href":"https:\/\/www.laundryequipments.it\/primus\/wp-json\/wp\/v2\/pages"}],"about":[{"href":"https:\/\/www.laundryequipments.it\/primus\/wp-json\/wp\/v2\/types\/page"}],"author":[{"embeddable":true,"href":"https:\/\/www.laundryequipments.it\/primus\/wp-json\/wp\/v2\/users\/1"}],"replies":[{"embeddable":true,"href":"https:\/\/www.laundryequipments.it\/primus\/wp-json\/wp\/v2\/comments?post=1603"}],"version-history":[{"count":5,"href":"https:\/\/www.laundryequipments.it\/primus\/wp-json\/wp\/v2\/pages\/1603\/revisions"}],"predecessor-version":[{"id":1608,"href":"https:\/\/www.laundryequipments.it\/primus\/wp-json\/wp\/v2\/pages\/1603\/revisions\/1608"}],"up":[{"embeddable":true,"href":"https:\/\/www.laundryequipments.it\/primus\/wp-json\/wp\/v2\/pages\/327"}],"wp:attachment":[{"href":"https:\/\/www.laundryequipments.it\/primus\/wp-json\/wp\/v2\/media?parent=1603"}],"curies":[{"name":"wp","href":"https:\/\/api.w.org\/{rel}","templated":true}]}}