{"id":526,"date":"2013-07-24T17:44:42","date_gmt":"2013-07-24T15:44:42","guid":{"rendered":"http:\/\/www.laundryequipments.it\/primus\/?page_id=526"},"modified":"2013-12-12T10:57:42","modified_gmt":"2013-12-12T09:57:42","slug":"impresa-di-pulizie","status":"publish","type":"page","link":"https:\/\/www.laundryequipments.it\/primus\/settori-di-impiego\/impresa-di-pulizie\/","title":{"rendered":"Impresa di pulizie"},"content":{"rendered":"<h2 style=\"text-align: left;\">Per rendere il lavoro pi\u00f9 facile, comodo \u00a0e profittevole<\/h2>\n<p>Oggi per le aziende di servizio di pulizie o gestione, il lavaggio o mop o microfibra \u00e8 sempre pi\u00f9 una esigenza sia pratica che economica.<\/p>\n<p>Con la nostra gamma completa di macchinari si possono lavare impregnare e rendere la microfibra pronta all&#8217;uso.<\/p>\n<p>La nostra continua evoluzione \u00a0di prodotto ci ha consentito di proporre delle lavatrici dedicate per il lavaggio dei mop\/microfibra con accorgimenti negli ammortizzatori per non avere problemi di peso, nella valvola di scarico molto ampia, che permette un ottimo scarico, e il posizionamento particolare delle resistenze elettriche.<\/p>\n<p><img decoding=\"async\" loading=\"lazy\" class=\"alignnone\" alt=\"\" src=\"https:\/\/www.laundryequipments.it\/primus\/wp-content\/uploads\/Immagine1.png\" width=\"200\" height=\"200\" \/><\/p>\n<p>Per esigenze particolari le nostre macchine possono essere programmate in base alle esigenze del cliente, con la possibilit\u00e0 di poter impregnare la microfibra all&#8217;interno della lavatrice, cos\u00ec da renderla pronta all&#8217;uso con l&#8217;umidit\u00e0 residua richiesta.<\/p>\n<p>Un altro accorgimento dedicato al settore \u00e8 il recupero della formula di impregnazione, con un allestimento di una vasca con ricircolo che permette il recupero della formulazione di impregnazione.<\/p>\n<p><img decoding=\"async\" loading=\"lazy\" class=\"alignnone\" alt=\"\" src=\"https:\/\/www.laundryequipments.it\/primus\/wp-content\/uploads\/tn_download.jpg\" width=\"200\" height=\"200\" \/><\/p>\n<p>Questo accorgimento si contraddistingue con il programma &#8220;Buongiorno&#8221; che tiene in emulsione la vasca senza creare separazione di prodotto al suo interno, sia nelle fasi di lavaggio sia nelle fasi di una lunga in attivit\u00e0 della lavatrice come ad esempio di notte, dove l&#8217;emulsione rimane ferma e si separa la soluzione chimica.<\/p>\n<p>Un ulteriore novit\u00e0 di settore \u00e8 il <strong><a title=\"Sistema integrato CHRIOX X-TRACT\" href=\"https:\/\/www.laundryequipments.it\/primus\/prodotti\/varie\/\">sistema CHRIOX<\/a><\/strong>, che certifica il ciclo di lavaggio con carica batterica zero, in aggiunta ad un recupero del 40% di acqua e ad un 20% \u00a0di risparmio energetico.<\/p>\n<p>&nbsp;<\/p>\n<p>&nbsp;<\/p>\n<p>Lavaggio\u00a0 mop, frange, impregnazione,<\/p>\n<!-- AddThis Advanced Settings generic via filter on the_content -->","protected":false},"excerpt":{"rendered":"<p>Per rendere il lavoro pi\u00f9 facile, comodo \u00a0e profittevole Oggi per le aziende di servizio di pulizie o gestione, il lavaggio o mop o microfibra \u00e8 sempre pi\u00f9 una esigenza sia pratica che economica. Con la nostra gamma completa di macchinari si possono lavare impregnare e rendere la microfibra pronta all&#8217;uso. La nostra continua evoluzione &#8230;<a class=\"post-readmore\" href=\"https:\/\/www.laundryequipments.it\/primus\/settori-di-impiego\/impresa-di-pulizie\/\">read more<\/a><!-- AddThis Advanced Settings generic via filter on wp_trim_excerpt --><\/p>\n","protected":false},"author":1,"featured_media":0,"parent":335,"menu_order":4,"comment_status":"closed","ping_status":"open","template":"","meta":[],"_links":{"self":[{"href":"https:\/\/www.laundryequipments.it\/primus\/wp-json\/wp\/v2\/pages\/526"}],"collection":[{"href":"https:\/\/www.laundryequipments.it\/primus\/wp-json\/wp\/v2\/pages"}],"about":[{"href":"https:\/\/www.laundryequipments.it\/primus\/wp-json\/wp\/v2\/types\/page"}],"author":[{"embeddable":true,"href":"https:\/\/www.laundryequipments.it\/primus\/wp-json\/wp\/v2\/users\/1"}],"replies":[{"embeddable":true,"href":"https:\/\/www.laundryequipments.it\/primus\/wp-json\/wp\/v2\/comments?post=526"}],"version-history":[{"count":26,"href":"https:\/\/www.laundryequipments.it\/primus\/wp-json\/wp\/v2\/pages\/526\/revisions"}],"predecessor-version":[{"id":2120,"href":"https:\/\/www.laundryequipments.it\/primus\/wp-json\/wp\/v2\/pages\/526\/revisions\/2120"}],"up":[{"embeddable":true,"href":"https:\/\/www.laundryequipments.it\/primus\/wp-json\/wp\/v2\/pages\/335"}],"wp:attachment":[{"href":"https:\/\/www.laundryequipments.it\/primus\/wp-json\/wp\/v2\/media?parent=526"}],"curies":[{"name":"wp","href":"https:\/\/api.w.org\/{rel}","templated":true}]}}