{"id":910,"date":"2013-09-25T09:38:01","date_gmt":"2013-09-25T07:38:01","guid":{"rendered":"http:\/\/www.laundryequipments.it\/primus\/?page_id=910"},"modified":"2013-10-16T15:09:34","modified_gmt":"2013-10-16T13:09:34","slug":"lavatrici-supercentrifuganti","status":"publish","type":"page","link":"https:\/\/www.laundryequipments.it\/primus\/prodotti\/lavatrici\/lavatrici-supercentrifuganti\/","title":{"rendered":"Lavatrici supercentrifuganti"},"content":{"rendered":"<p>La gamma completa ci permette di soddisfare qualsiasi esigenza di lavaggio in lavanderia.<\/p>\n<p>Le caratteristiche tecniche delle nostre macchine, senza fissaggio a pavimento, con alti giri di centrifuga, e un residuo di umidit\u00e0 molto basso, ci permettono di essere ai massimi livelli di proposta per un mercato sempre pi\u00f9 esigente e professionale.<\/p>\n<p>La <a title=\"Lavatrici supercentrifuganti               grandi capacit\u00e0 \u2013 SERIE FS\" href=\"https:\/\/www.laundryequipments.it\/primus\/prodotti\/lavatrici\/lavatrici-supercentrifuganti\/lavatrici-supercentrifuganti-serie-fs\/\"><strong>linea FS<\/strong><\/a>\u00a0con grandi capacit\u00e0 di carico con sistema Graphitronic, possibilit\u00e0 di tilt di carico e scarico, o solo di ribaltamento per lo scarico, possibilit\u00e0 di collegarsi al trace tech, per monitorare e controllare la lavatrice anche in remoto<\/p>\n<p>La <strong><a title=\"Lavatrici supercentrifuganti \u2013 SERIE FX\" href=\"https:\/\/www.laundryequipments.it\/primus\/prodotti\/lavatrici\/lavatrici-supercentrifuganti\/lavatrici-supercentrifuganti-serie-fx\/\">linea FX<\/a><\/strong>\u00a0novit\u00e0 nel settore lavanderia per le sue caratteristiche come il Cascade Drum, la vaschetta saponi, l&#8217;alto fattore G, una umidit\u00e0 residua del 45 % della biancheria, con un risparmio del 25% sull&#8217;essiccazione della stessa.<\/p>\n<p>Queste sono alcune dei nostri argomenti visita le schede per approfondire.<\/p>\n<p>&nbsp;<\/p>\n<p>&nbsp;<\/p>\n<p>&nbsp;<\/p>\n<p>&nbsp;<\/p>\n<p>&nbsp;<\/p>\n<p>&nbsp;<\/p>\n<!-- AddThis Advanced Settings generic via filter on the_content -->","protected":false},"excerpt":{"rendered":"<p>La gamma completa ci permette di soddisfare qualsiasi esigenza di lavaggio in lavanderia. Le caratteristiche tecniche delle nostre macchine, senza fissaggio a pavimento, con alti giri di centrifuga, e un residuo di umidit\u00e0 molto basso, ci permettono di essere ai massimi livelli di proposta per un mercato sempre pi\u00f9 esigente e professionale. La linea FS\u00a0con &#8230;<a class=\"post-readmore\" href=\"https:\/\/www.laundryequipments.it\/primus\/prodotti\/lavatrici\/lavatrici-supercentrifuganti\/\">read more<\/a><!-- AddThis Advanced Settings generic via filter on wp_trim_excerpt --><\/p>\n","protected":false},"author":1,"featured_media":0,"parent":5,"menu_order":3,"comment_status":"closed","ping_status":"closed","template":"","meta":[],"_links":{"self":[{"href":"https:\/\/www.laundryequipments.it\/primus\/wp-json\/wp\/v2\/pages\/910"}],"collection":[{"href":"https:\/\/www.laundryequipments.it\/primus\/wp-json\/wp\/v2\/pages"}],"about":[{"href":"https:\/\/www.laundryequipments.it\/primus\/wp-json\/wp\/v2\/types\/page"}],"author":[{"embeddable":true,"href":"https:\/\/www.laundryequipments.it\/primus\/wp-json\/wp\/v2\/users\/1"}],"replies":[{"embeddable":true,"href":"https:\/\/www.laundryequipments.it\/primus\/wp-json\/wp\/v2\/comments?post=910"}],"version-history":[{"count":6,"href":"https:\/\/www.laundryequipments.it\/primus\/wp-json\/wp\/v2\/pages\/910\/revisions"}],"predecessor-version":[{"id":2025,"href":"https:\/\/www.laundryequipments.it\/primus\/wp-json\/wp\/v2\/pages\/910\/revisions\/2025"}],"up":[{"embeddable":true,"href":"https:\/\/www.laundryequipments.it\/primus\/wp-json\/wp\/v2\/pages\/5"}],"wp:attachment":[{"href":"https:\/\/www.laundryequipments.it\/primus\/wp-json\/wp\/v2\/media?parent=910"}],"curies":[{"name":"wp","href":"https:\/\/api.w.org\/{rel}","templated":true}]}}